{"id":14692,"date":"2020-01-20T13:50:41","date_gmt":"2020-01-20T13:50:41","guid":{"rendered":"http:\/\/plusportshop.ch\/produkt\/success-ball\/"},"modified":"2025-10-23T19:27:05","modified_gmt":"2025-10-23T19:27:05","slug":"success-ball","status":"publish","type":"product","link":"https:\/\/plusportshop.ch\/it\/prodotto\/success-ball\/","title":{"rendered":"Ballo del successo"},"content":{"rendered":"","protected":false},"excerpt":{"rendered":"<div>Palla di successo con logo PluSport<\/div>\n<div>Promuovere le capacit\u00e0 motorie<\/div>\n<div>\u00d8 20 cm, riempimento in granuli di schiuma EVA-PE, galleggiante<\/div>\n<div>La palla \u00e8 morbida, vola pi\u00f9 lentamente e pu\u00f2 quindi essere<\/div>\n<div>facilmente catturabile. Ideale per la scuola materna, la terapia,<\/div>\n<div>riabilitazione, persone con disabilit\u00e0 e anziani.<\/div>","protected":false},"featured_media":14898,"template":"","meta":[],"product_brand":[],"product_cat":[338,295],"product_tag":[],"class_list":{"0":"post-14692","1":"product","2":"type-product","3":"status-publish","4":"has-post-thumbnail","6":"product_cat-sensibilisierung","7":"product_cat-sportartikel","9":"first","10":"instock","11":"taxable","12":"shipping-taxable","13":"purchasable","14":"product-type-simple"},"_links":{"self":[{"href":"https:\/\/plusportshop.ch\/it\/wp-json\/wp\/v2\/product\/14692","targetHints":{"allow":["GET"]}}],"collection":[{"href":"https:\/\/plusportshop.ch\/it\/wp-json\/wp\/v2\/product"}],"about":[{"href":"https:\/\/plusportshop.ch\/it\/wp-json\/wp\/v2\/types\/product"}],"wp:featuredmedia":[{"embeddable":true,"href":"https:\/\/plusportshop.ch\/it\/wp-json\/wp\/v2\/media\/14898"}],"wp:attachment":[{"href":"https:\/\/plusportshop.ch\/it\/wp-json\/wp\/v2\/media?parent=14692"}],"wp:term":[{"taxonomy":"product_brand","embeddable":true,"href":"https:\/\/plusportshop.ch\/it\/wp-json\/wp\/v2\/product_brand?post=14692"},{"taxonomy":"product_cat","embeddable":true,"href":"https:\/\/plusportshop.ch\/it\/wp-json\/wp\/v2\/product_cat?post=14692"},{"taxonomy":"product_tag","embeddable":true,"href":"https:\/\/plusportshop.ch\/it\/wp-json\/wp\/v2\/product_tag?post=14692"}],"curies":[{"name":"wp","href":"https:\/\/api.w.org\/{rel}","templated":true}]}}