{"id":14627,"date":"2020-01-20T13:50:33","date_gmt":"2020-01-20T13:50:33","guid":{"rendered":"http:\/\/plusportshop.ch\/produkt\/handicap4handicap-charity-golfball\/"},"modified":"2026-02-18T15:22:58","modified_gmt":"2026-02-18T15:22:58","slug":"handicap4handicap-charity-golfball","status":"publish","type":"product","link":"https:\/\/plusportshop.ch\/it\/prodotto\/handicap4handicap-charity-golfball\/","title":{"rendered":"Pallina da golf di beneficenza Handicap4Handicap"},"content":{"rendered":"","protected":false},"excerpt":{"rendered":"<p style=\"text-align: justify;\">Giocate a golf per una buona causa e migliorate allo stesso tempo il vostro handicap! Tutti i proventi saranno destinati ai progetti di Swiss Handicap. Ordinate oggi stesso la pallina da golf unica in Svizzera, perch\u00e9 questa pallina da golf porter\u00e0 sicuramente fortuna!<\/p>\n<p style=\"text-align: justify;\"><strong>Pallina da golf con logo superiore:<\/strong> \"HANDICAP4HANDICAP\"<br \/>\n<strong>Marchio:<\/strong> Titleist, tipo Velocity<\/p>\n<p style=\"text-align: justify;\">Swiss Handicap a Lucerna \u00e8 la fiera nazionale che si occupa delle esigenze e delle preoccupazioni delle persone con disabilit\u00e0 o handicap, siano essi fisici, mentali, psicologici o sensoriali. La F\u00f6rderverein Swiss Handicap sostiene singoli sottoprogetti della fiera, come la cottura dei biscotti delle celebrit\u00e0, la Notte svizzera dell'handicap, lo studio di conferenze e il mercatino di Natale.<\/p>\n<p style=\"text-align: justify;\">PluSport \u00e8 stato un partner fin dall'inizio e organizza un programma vario nel palazzetto dello sport con oltre 20 diverse attivit\u00e0 di tendenza e di provata efficacia per l'integrazione attraverso lo sport delle persone con disabilit\u00e0.<\/p>\n<p style=\"text-align: justify;\">Prendete nota della data della prossima fiera, <strong>1 - 2 dicembre 2017<\/strong> e siate curiosi di vedere quali novit\u00e0 PluSport abbiamo in serbo.<\/p>\n<p style=\"text-align: justify;\">Ulteriori informazioni:<br \/>\n<a href=\"http:\/\/www.plusport.ch\/events\/swiss-handicap.html\">www.plusport.ch\/events\/swiss-handicap.html<\/a><br \/>\n<a href=\"http:\/\/www.swiss-handicap.ch\">www.swiss-handicap.ch <\/a><br \/>\n<a href=\"http:\/\/www.swisshandicap-foerderverein.ch\">www.swisshandicap-foerderverein.ch <\/a><\/p>","protected":false},"featured_media":14941,"template":"","meta":[],"product_brand":[],"product_cat":[295],"product_tag":[],"class_list":{"0":"post-14627","1":"product","2":"type-product","3":"status-publish","4":"has-post-thumbnail","6":"product_cat-sportartikel","7":"pa_schachtel-12-er","8":"pa_schachtel-3-er","10":"first","11":"instock","12":"taxable","13":"shipping-taxable","14":"purchasable","15":"product-type-variable"},"_links":{"self":[{"href":"https:\/\/plusportshop.ch\/it\/wp-json\/wp\/v2\/product\/14627","targetHints":{"allow":["GET"]}}],"collection":[{"href":"https:\/\/plusportshop.ch\/it\/wp-json\/wp\/v2\/product"}],"about":[{"href":"https:\/\/plusportshop.ch\/it\/wp-json\/wp\/v2\/types\/product"}],"wp:featuredmedia":[{"embeddable":true,"href":"https:\/\/plusportshop.ch\/it\/wp-json\/wp\/v2\/media\/14941"}],"wp:attachment":[{"href":"https:\/\/plusportshop.ch\/it\/wp-json\/wp\/v2\/media?parent=14627"}],"wp:term":[{"taxonomy":"product_brand","embeddable":true,"href":"https:\/\/plusportshop.ch\/it\/wp-json\/wp\/v2\/product_brand?post=14627"},{"taxonomy":"product_cat","embeddable":true,"href":"https:\/\/plusportshop.ch\/it\/wp-json\/wp\/v2\/product_cat?post=14627"},{"taxonomy":"product_tag","embeddable":true,"href":"https:\/\/plusportshop.ch\/it\/wp-json\/wp\/v2\/product_tag?post=14627"}],"curies":[{"name":"wp","href":"https:\/\/api.w.org\/{rel}","templated":true}]}}