{"id":14627,"date":"2020-01-20T13:50:33","date_gmt":"2020-01-20T13:50:33","guid":{"rendered":"http:\/\/plusportshop.ch\/produkt\/handicap4handicap-charity-golfball\/"},"modified":"2026-02-18T15:22:58","modified_gmt":"2026-02-18T15:22:58","slug":"handicap4handicap-charity-golfball","status":"publish","type":"product","link":"https:\/\/plusportshop.ch\/fr\/produit\/handicap4handicap-charity-golfball\/","title":{"rendered":"Balle de golf de charit\u00e9 Handicap4Handicap"},"content":{"rendered":"","protected":false},"excerpt":{"rendered":"<p style=\"text-align: justify;\">Jouer au golf pour une bonne cause et am\u00e9liorer son handicap ! Les recettes seront int\u00e9gralement revers\u00e9es \u00e0 des projets de Swiss Handicap. Commandez d\u00e8s aujourd'hui cette balle de golf unique en Suisse, car elle vous portera assur\u00e9ment chance !<\/p>\n<p style=\"text-align: justify;\"><strong>Balle de golf avec logo :<\/strong> \"HANDICAP4HANDICAP\"<br \/>\n<strong>Marque :<\/strong> Titleist, type Velocity<\/p>\n<p style=\"text-align: justify;\">Swiss Handicap \u00e0 Lucerne est le salon national qui s'engage pour les besoins et les int\u00e9r\u00eats des personnes handicap\u00e9es ou atteintes d'un handicap - qu'il soit physique, mental, psychique ou sensoriel. L'association de promotion Swiss Handicap soutient certains projets partiels du salon, comme par exemple la cuisson de biscuits par des c\u00e9l\u00e9brit\u00e9s, la Swiss Handicap Night, le studio de conf\u00e9rences et le march\u00e9 de No\u00ebl.<\/p>\n<p style=\"text-align: justify;\">PluSport est un partenaire de la premi\u00e8re heure et organise dans le gymnase un programme vari\u00e9 avec plus de 20 activit\u00e9s diff\u00e9rentes, \u00e0 la fois tendance et \u00e9prouv\u00e9es, pour l'int\u00e9gration par le sport des personnes handicap\u00e9es.<\/p>\n<p style=\"text-align: justify;\">Notez donc d\u00e9j\u00e0 la date du prochain salon, <strong>1er - 2 d\u00e9cembre 2017<\/strong> et soyez curieux de savoir quels sont les points forts de PluSport que nous vous r\u00e9servons.<\/p>\n<p style=\"text-align: justify;\">Plus d'informations :<br \/>\n<a href=\"http:\/\/www.plusport.ch\/events\/swiss-handicap.html\">www.plusport.ch\/events\/swiss-handicap.html<\/a><br \/>\n<a href=\"http:\/\/www.swiss-handicap.ch\">www.swiss-handicap.ch <\/a><br \/>\n<a href=\"http:\/\/www.swisshandicap-foerderverein.ch\">www.swisshandicap-foerderverein.ch <\/a><\/p>","protected":false},"featured_media":14941,"template":"","meta":[],"product_brand":[],"product_cat":[295],"product_tag":[],"class_list":{"0":"post-14627","1":"product","2":"type-product","3":"status-publish","4":"has-post-thumbnail","6":"product_cat-sportartikel","7":"pa_schachtel-12-er","8":"pa_schachtel-3-er","10":"first","11":"instock","12":"taxable","13":"shipping-taxable","14":"purchasable","15":"product-type-variable"},"_links":{"self":[{"href":"https:\/\/plusportshop.ch\/fr\/wp-json\/wp\/v2\/product\/14627","targetHints":{"allow":["GET"]}}],"collection":[{"href":"https:\/\/plusportshop.ch\/fr\/wp-json\/wp\/v2\/product"}],"about":[{"href":"https:\/\/plusportshop.ch\/fr\/wp-json\/wp\/v2\/types\/product"}],"wp:featuredmedia":[{"embeddable":true,"href":"https:\/\/plusportshop.ch\/fr\/wp-json\/wp\/v2\/media\/14941"}],"wp:attachment":[{"href":"https:\/\/plusportshop.ch\/fr\/wp-json\/wp\/v2\/media?parent=14627"}],"wp:term":[{"taxonomy":"product_brand","embeddable":true,"href":"https:\/\/plusportshop.ch\/fr\/wp-json\/wp\/v2\/product_brand?post=14627"},{"taxonomy":"product_cat","embeddable":true,"href":"https:\/\/plusportshop.ch\/fr\/wp-json\/wp\/v2\/product_cat?post=14627"},{"taxonomy":"product_tag","embeddable":true,"href":"https:\/\/plusportshop.ch\/fr\/wp-json\/wp\/v2\/product_tag?post=14627"}],"curies":[{"name":"wp","href":"https:\/\/api.w.org\/{rel}","templated":true}]}}