{"id":14574,"date":"2020-01-20T13:50:30","date_gmt":"2020-01-20T13:50:30","guid":{"rendered":"http:\/\/plusportshop.ch\/produkt\/powerbank\/"},"modified":"2026-03-06T06:31:29","modified_gmt":"2026-03-06T06:31:29","slug":"powerbank","status":"publish","type":"product","link":"https:\/\/plusportshop.ch\/fr\/produit\/powerbank\/","title":{"rendered":"Banque de puissance"},"content":{"rendered":"","protected":false},"excerpt":{"rendered":"<p>Chargeur de batterie avec diff\u00e9rents connecteurs<br \/>\nPuissance : 2200mAh<br \/>\nEl\u00e9gamment emball\u00e9 dans une bo\u00eete en carton PluSport<\/p>","protected":false},"featured_media":15000,"template":"","meta":[],"product_brand":[],"product_cat":[309],"product_tag":[],"class_list":{"0":"post-14574","1":"product","2":"type-product","3":"status-publish","4":"has-post-thumbnail","6":"product_cat-geschenkartikel","7":"pa_farbe-blau","8":"pa_farbe-gruen","9":"pa_farbe-pink","10":"pa_farbe-rot","11":"pa_farbe-silber","13":"first","14":"instock","15":"taxable","16":"shipping-taxable","17":"purchasable","18":"product-type-variable"},"_links":{"self":[{"href":"https:\/\/plusportshop.ch\/fr\/wp-json\/wp\/v2\/product\/14574","targetHints":{"allow":["GET"]}}],"collection":[{"href":"https:\/\/plusportshop.ch\/fr\/wp-json\/wp\/v2\/product"}],"about":[{"href":"https:\/\/plusportshop.ch\/fr\/wp-json\/wp\/v2\/types\/product"}],"wp:featuredmedia":[{"embeddable":true,"href":"https:\/\/plusportshop.ch\/fr\/wp-json\/wp\/v2\/media\/15000"}],"wp:attachment":[{"href":"https:\/\/plusportshop.ch\/fr\/wp-json\/wp\/v2\/media?parent=14574"}],"wp:term":[{"taxonomy":"product_brand","embeddable":true,"href":"https:\/\/plusportshop.ch\/fr\/wp-json\/wp\/v2\/product_brand?post=14574"},{"taxonomy":"product_cat","embeddable":true,"href":"https:\/\/plusportshop.ch\/fr\/wp-json\/wp\/v2\/product_cat?post=14574"},{"taxonomy":"product_tag","embeddable":true,"href":"https:\/\/plusportshop.ch\/fr\/wp-json\/wp\/v2\/product_tag?post=14574"}],"curies":[{"name":"wp","href":"https:\/\/api.w.org\/{rel}","templated":true}]}}