{"id":115836,"date":"2021-02-03T10:17:52","date_gmt":"2021-02-03T10:17:52","guid":{"rendered":"http:\/\/plusportshop.ch\/?post_type=product&#038;p=115836"},"modified":"2021-02-12T07:42:58","modified_gmt":"2021-02-12T07:42:58","slug":"plusportshop-gutschein","status":"publish","type":"product","link":"https:\/\/plusportshop.ch\/fr\/produit\/plusportshop-gutschein\/","title":{"rendered":"Ch\u00e8que-cadeau de la boutique en ligne PluSport"},"content":{"rendered":"","protected":false},"excerpt":{"rendered":"<p><strong>PLUSPORT ONLINE-SHOP BON D'ACHAT<\/strong><br \/>\nOffre un bon d'achat pour la boutique en ligne PluSport ! Ce bon est valable pour l'ensemble de l'assortiment sur plusportshop.ch.<\/p>\n<div class=\"page\" title=\"Page 2\">\n<div class=\"section\">\n<div class=\"layoutArea\">\n<div class=\"column\">\n<p>Pendant le processus d'achat, vous pouvez d\u00e9signer un ou plusieurs destinataires. Ceux-ci recevront automatiquement leur bon d'achat.<\/p>\n<p><strong>COMMENT UTILISER LE BON D'ACHAT DE LA BOUTIQUE EN LIGNE PLUSPORT<\/strong><br \/>\nLe destinataire re\u00e7oit un code de bon d'achat charg\u00e9 avec son avoir. Dans le panier, il peut l'utiliser \u00e0 tout moment dans le champ \u201eCode de bon\u201c et utiliser l'avoir.<\/p>\n<\/div>\n<\/div>\n<\/div>\n<\/div>","protected":false},"featured_media":115837,"template":"","meta":[],"product_brand":[],"product_cat":[347],"product_tag":[],"class_list":{"0":"post-115836","1":"product","2":"type-product","3":"status-publish","4":"has-post-thumbnail","6":"product_cat-gutscheine","8":"first","9":"instock","10":"virtual","11":"taxable","12":"purchasable","13":"product-type-simple"},"_links":{"self":[{"href":"https:\/\/plusportshop.ch\/fr\/wp-json\/wp\/v2\/product\/115836","targetHints":{"allow":["GET"]}}],"collection":[{"href":"https:\/\/plusportshop.ch\/fr\/wp-json\/wp\/v2\/product"}],"about":[{"href":"https:\/\/plusportshop.ch\/fr\/wp-json\/wp\/v2\/types\/product"}],"wp:featuredmedia":[{"embeddable":true,"href":"https:\/\/plusportshop.ch\/fr\/wp-json\/wp\/v2\/media\/115837"}],"wp:attachment":[{"href":"https:\/\/plusportshop.ch\/fr\/wp-json\/wp\/v2\/media?parent=115836"}],"wp:term":[{"taxonomy":"product_brand","embeddable":true,"href":"https:\/\/plusportshop.ch\/fr\/wp-json\/wp\/v2\/product_brand?post=115836"},{"taxonomy":"product_cat","embeddable":true,"href":"https:\/\/plusportshop.ch\/fr\/wp-json\/wp\/v2\/product_cat?post=115836"},{"taxonomy":"product_tag","embeddable":true,"href":"https:\/\/plusportshop.ch\/fr\/wp-json\/wp\/v2\/product_tag?post=115836"}],"curies":[{"name":"wp","href":"https:\/\/api.w.org\/{rel}","templated":true}]}}